{"id":171,"date":"2020-01-17T16:30:12","date_gmt":"2020-01-17T16:30:12","guid":{"rendered":"https:\/\/jupiterx.artbees.net\/museum\/?page_id=171"},"modified":"2024-04-25T14:20:58","modified_gmt":"2024-04-25T12:20:58","slug":"our-exhibitions","status":"publish","type":"page","link":"https:\/\/jacquesisnard.fr\/?page_id=171","title":{"rendered":"Actualit\u00e9s"},"content":{"rendered":"\t\t<div data-elementor-type=\"wp-page\" data-elementor-id=\"171\" class=\"elementor elementor-171\">\n\t\t\t\t\t\t<section class=\"elementor-section elementor-top-section elementor-element elementor-element-1b79540 elementor-section-height-min-height elementor-section-boxed elementor-section-height-default elementor-section-items-middle\" data-id=\"1b79540\" data-element_type=\"section\" data-settings=\"{&quot;jet_parallax_layout_list&quot;:[{&quot;jet_parallax_layout_image&quot;:{&quot;url&quot;:&quot;&quot;,&quot;id&quot;:&quot;&quot;,&quot;size&quot;:&quot;&quot;},&quot;_id&quot;:&quot;ac91769&quot;,&quot;jet_parallax_layout_image_tablet&quot;:{&quot;url&quot;:&quot;&quot;,&quot;id&quot;:&quot;&quot;,&quot;size&quot;:&quot;&quot;},&quot;jet_parallax_layout_image_mobile&quot;:{&quot;url&quot;:&quot;&quot;,&quot;id&quot;:&quot;&quot;,&quot;size&quot;:&quot;&quot;},&quot;jet_parallax_layout_speed&quot;:{&quot;unit&quot;:&quot;%&quot;,&quot;size&quot;:&quot;50&quot;,&quot;sizes&quot;:[]},&quot;jet_parallax_layout_bg_x&quot;:&quot;50&quot;,&quot;jet_parallax_layout_bg_y&quot;:&quot;50&quot;,&quot;jet_parallax_layout_type&quot;:&quot;scroll&quot;,&quot;jet_parallax_layout_direction&quot;:null,&quot;jet_parallax_layout_fx_direction&quot;:null,&quot;jet_parallax_layout_z_index&quot;:&quot;&quot;,&quot;jet_parallax_layout_bg_x_tablet&quot;:&quot;&quot;,&quot;jet_parallax_layout_bg_x_mobile&quot;:&quot;&quot;,&quot;jet_parallax_layout_bg_y_tablet&quot;:&quot;&quot;,&quot;jet_parallax_layout_bg_y_mobile&quot;:&quot;&quot;,&quot;jet_parallax_layout_bg_size&quot;:&quot;auto&quot;,&quot;jet_parallax_layout_bg_size_tablet&quot;:&quot;&quot;,&quot;jet_parallax_layout_bg_size_mobile&quot;:&quot;&quot;,&quot;jet_parallax_layout_animation_prop&quot;:&quot;transform&quot;,&quot;jet_parallax_layout_on&quot;:[&quot;desktop&quot;,&quot;tablet&quot;]}],&quot;background_background&quot;:&quot;gradient&quot;}\">\n\t\t\t\t\t\t<div class=\"elementor-container elementor-column-gap-no\">\n\t\t\t\t\t<div class=\"elementor-column elementor-col-100 elementor-top-column elementor-element elementor-element-79c6df0\" data-id=\"79c6df0\" data-element_type=\"column\">\n\t\t\t<div class=\"elementor-widget-wrap elementor-element-populated\">\n\t\t\t\t\t\t<div class=\"elementor-element elementor-element-fad10f1 elementor-widget elementor-widget-heading\" data-id=\"fad10f1\" data-element_type=\"widget\" data-widget_type=\"heading.default\">\n\t\t\t\t<div class=\"elementor-widget-container\">\n\t\t\t\t\t<h1 class=\"elementor-heading-title elementor-size-default\">Actualit\u00e9s de l'association<\/h1>\t\t\t\t<\/div>\n\t\t\t\t<\/div>\n\t\t\t\t\t<\/div>\n\t\t<\/div>\n\t\t\t\t\t<\/div>\n\t\t<\/section>\n\t\t<div class=\"elementor-element elementor-element-e61a0d3 e-flex e-con-boxed e-con e-parent\" data-id=\"e61a0d3\" data-element_type=\"container\" data-settings=\"{&quot;jet_parallax_layout_list&quot;:[]}\">\n\t\t\t\t\t<div class=\"e-con-inner\">\n\t\t\t\t<div class=\"elementor-element elementor-element-2c99fd9b elementor-widget elementor-widget-raven-advanced-posts\" data-id=\"2c99fd9b\" data-element_type=\"widget\" data-settings=\"{&quot;columns&quot;:&quot;1&quot;,&quot;query_posts_per_page&quot;:1,&quot;columns_tablet&quot;:&quot;1&quot;,&quot;general_layout&quot;:&quot;grid&quot;,&quot;columns_mobile&quot;:&quot;1&quot;,&quot;query_orderby&quot;:&quot;date&quot;,&quot;query_offset&quot;:0}\" data-widget_type=\"raven-advanced-posts.default\">\n\t\t\t\t<div class=\"elementor-widget-container\">\n\t\t\t\t\t\t\t<div class=\"raven-posts raven-posts-grid\">\n\t\t\t\t\t\t<div class=\"advanced-posts-content content-layout-overlay raven-grid raven-grid-1 raven-grid-mobile-1 raven-grid-tablet-1  \" data-post-id=\"171\" data-archive-query=\"\">\n\t\t\t\t<div class=\"raven-posts-item raven-grid-item raven-posts-empty-item\"><div class=\"raven-post-wrapper\"><div class=\"raven-post\"><div class=\"raven-posts-empty\">No results found.<\/div><\/div><\/div><\/div>\t\t\t<\/div>\n\t\t\t\t\t<\/div>\n\t\t\t\t\t\t<\/div>\n\t\t\t\t<\/div>\n\t\t\t\t\t<\/div>\n\t\t\t\t<\/div>\n\t\t<div class=\"elementor-element elementor-element-1a461335 e-con-full e-flex e-con e-parent\" data-id=\"1a461335\" data-element_type=\"container\" data-settings=\"{&quot;jet_parallax_layout_list&quot;:[]}\">\n\t\t\t\t<div class=\"elementor-element elementor-element-3ce896df raven-hover-zoom-move elementor-widget elementor-widget-raven-advanced-posts\" data-id=\"3ce896df\" data-element_type=\"widget\" data-settings=\"{&quot;general_layout&quot;:&quot;matrix&quot;,&quot;featured_image_hover&quot;:&quot;zoom-move&quot;,&quot;load_effect&quot;:&quot;slide-right&quot;,&quot;metro_matrix_rows_gap&quot;:{&quot;unit&quot;:&quot;px&quot;,&quot;size&quot;:0,&quot;sizes&quot;:[]},&quot;query_posts_per_page&quot;:6,&quot;query_orderby&quot;:&quot;date&quot;,&quot;query_offset&quot;:0,&quot;metro_matrix_rows_gap_tablet&quot;:{&quot;unit&quot;:&quot;px&quot;,&quot;size&quot;:&quot;&quot;,&quot;sizes&quot;:[]},&quot;metro_matrix_rows_gap_mobile&quot;:{&quot;unit&quot;:&quot;px&quot;,&quot;size&quot;:&quot;&quot;,&quot;sizes&quot;:[]}}\" data-widget_type=\"raven-advanced-posts.default\">\n\t\t\t\t<div class=\"elementor-widget-container\">\n\t\t\t\t\t\t\t<div class=\"raven-posts raven-posts-matrix\">\n\t\t\t\t\t\t<div class=\"advanced-posts-content content-layout-overlay raven-matrix raven-matrix-1 raven-matrix-mobile-1 raven-matrix-tablet-2 zoom-move \" data-post-id=\"171\" data-archive-query=\"\">\n\t\t\t\t<div class=\"raven-posts-item raven-matrix-item raven-posts-empty-item raven-posts-full-width\"><div class=\"raven-post-wrapper\"><div class=\"raven-post\"><div class=\"raven-posts-empty\">No results found.<\/div><\/div><\/div><\/div>\t\t\t<\/div>\n\t\t\t\t\t<\/div>\n\t\t\t\t\t\t<\/div>\n\t\t\t\t<\/div>\n\t\t\t\t<\/div>\n\t\t<div class=\"elementor-element elementor-element-029a82f e-flex e-con-boxed e-con e-parent\" data-id=\"029a82f\" data-element_type=\"container\" data-settings=\"{&quot;jet_parallax_layout_list&quot;:[]}\">\n\t\t\t\t\t<div class=\"e-con-inner\">\n\t\t\t\t<div class=\"elementor-element elementor-element-57903a8 elementor-tabs-view-horizontal elementor-widget elementor-widget-tabs\" data-id=\"57903a8\" data-element_type=\"widget\" data-widget_type=\"tabs.default\">\n\t\t\t\t<div class=\"elementor-widget-container\">\n\t\t\t\t\t\t\t<div class=\"elementor-tabs\">\n\t\t\t<div class=\"elementor-tabs-wrapper\" role=\"tablist\" >\n\t\t\t\t\t\t\t\t\t<div id=\"elementor-tab-title-9181\" class=\"elementor-tab-title elementor-tab-desktop-title\" aria-selected=\"true\" data-tab=\"1\" role=\"tab\" tabindex=\"0\" aria-controls=\"elementor-tab-content-9181\" aria-expanded=\"false\">VOUS AVEZ \u00c9T\u00c9 PLUS DE 250 VISITEURS ! <\/div>\n\t\t\t\t\t\t\t\t\t<div id=\"elementor-tab-title-9182\" class=\"elementor-tab-title elementor-tab-desktop-title\" aria-selected=\"false\" data-tab=\"2\" role=\"tab\" tabindex=\"-1\" aria-controls=\"elementor-tab-content-9182\" aria-expanded=\"false\">VISITE DE L\u2019ACAD\u00c9MIE DES ANCIENS HUISSIERS DE JUSTICE<\/div>\n\t\t\t\t\t\t\t\t\t<div id=\"elementor-tab-title-9183\" class=\"elementor-tab-title elementor-tab-desktop-title\" aria-selected=\"false\" data-tab=\"3\" role=\"tab\" tabindex=\"-1\" aria-controls=\"elementor-tab-content-9183\" aria-expanded=\"false\">INAUGURATION<\/div>\n\t\t\t\t\t\t\t\t\t<div id=\"elementor-tab-title-9184\" class=\"elementor-tab-title elementor-tab-desktop-title\" aria-selected=\"false\" data-tab=\"4\" role=\"tab\" tabindex=\"-1\" aria-controls=\"elementor-tab-content-9184\" aria-expanded=\"false\">HOMMAGE<\/div>\n\t\t\t\t\t\t\t<\/div>\n\t\t\t<div class=\"elementor-tabs-content-wrapper\" role=\"tablist\" aria-orientation=\"vertical\">\n\t\t\t\t\t\t\t\t\t<div class=\"elementor-tab-title elementor-tab-mobile-title\" aria-selected=\"true\" data-tab=\"1\" role=\"tab\" tabindex=\"0\" aria-controls=\"elementor-tab-content-9181\" aria-expanded=\"false\">VOUS AVEZ \u00c9T\u00c9 PLUS DE 250 VISITEURS ! <\/div>\n\t\t\t\t\t<div id=\"elementor-tab-content-9181\" class=\"elementor-tab-content elementor-clearfix\" data-tab=\"1\" role=\"tabpanel\" aria-labelledby=\"elementor-tab-title-9181\" tabindex=\"0\" hidden=\"false\"><p class=\"p1\"><b>Septembre<\/b>\u00a0<b>2023<\/b><\/p><p class=\"p1\">Depuis l\u2019inauguration de la Galerie Jacques Isnard dans les locaux de l\u2019ADEC, vous avez \u00e9t\u00e9 plus de 250 \u00e0 nous rendre visite. Etudiants, professeurs, professionnels du droit, membres d\u2019association, vous avez d\u00e9couvert les pi\u00e8ces historiques et exceptionnelles de notre collection. M\u00ealant histoire et droit, la visite de notre Galerie int\u00e9resse un public de tous horizons.<span class=\"Apple-converted-space\">\u00a0<\/span><\/p><p class=\"p3\">Nous avons donc eu l\u2019honneur et le plaisir de recevoir, pour leur faire d\u00e9couvrir nos pi\u00e8ces et l\u2019histoire qu\u2019elles retracent :<\/p><ul class=\"ul1\"><li class=\"li3\">Un groupe d\u2019\u00e9tudiants en Master 2 Droit des contentieux de la Facult\u00e9 de droit et science politique de Montpellier<span class=\"Apple-converted-space\">\u00a0<\/span><\/li><li class=\"li3\">Les promotions 2022-2023 et 2023-2024 d\u2019\u00e9tudiants en Master 2 Commissaire de justice de la Facult\u00e9 de droit et science politique de Montpellier<span class=\"Apple-converted-space\">\u00a0<\/span><\/li><li class=\"li3\">Trois Clubs Rotary International<\/li><li class=\"li3\">Un groupe de Femmes d\u2019Action<\/li><li class=\"li3\">Une assembl\u00e9e g\u00e9n\u00e9rale de la Chambre nationale des commissaires de justice<\/li><li class=\"li3\">Un groupe d\u2019Huissiers de justice honoraires de la r\u00e9gion Occitanie<span class=\"Apple-converted-space\">\u00a0<\/span><\/li><li class=\"li3\">Un groupe des anciens d\u00e9l\u00e9gu\u00e9s de la Chambre nationale des commissaires de justice<\/li><\/ul><p class=\"p3\">Nous les remercions pour leur visite et l\u2019int\u00e9r\u00eat qu\u2019ils ont port\u00e9 \u00e0 notre collection et nous vous attendons encore nombreux dans les mois \u00e0 venir !<span class=\"Apple-converted-space\">\u00a0<\/span><\/p><p><img fetchpriority=\"high\" decoding=\"async\" class=\"aligncenter wp-image-2309 size-large\" src=\"https:\/\/jacquesisnard.fr\/wp-content\/uploads\/2024\/04\/Capture-decran-2024-04-25-a-00.44.18-1024x856.png\" alt=\"\" width=\"1024\" height=\"856\" srcset=\"https:\/\/jacquesisnard.fr\/wp-content\/uploads\/2024\/04\/Capture-decran-2024-04-25-a-00.44.18-1024x856.png 1024w, https:\/\/jacquesisnard.fr\/wp-content\/uploads\/2024\/04\/Capture-decran-2024-04-25-a-00.44.18-300x251.png 300w, https:\/\/jacquesisnard.fr\/wp-content\/uploads\/2024\/04\/Capture-decran-2024-04-25-a-00.44.18-768x642.png 768w, https:\/\/jacquesisnard.fr\/wp-content\/uploads\/2024\/04\/Capture-decran-2024-04-25-a-00.44.18-1536x1283.png 1536w, https:\/\/jacquesisnard.fr\/wp-content\/uploads\/2024\/04\/Capture-decran-2024-04-25-a-00.44.18.png 1618w\" sizes=\"(max-width: 1024px) 100vw, 1024px\" \/><\/p><p><br \/><img decoding=\"async\" class=\"aligncenter wp-image-1121 size-full\" src=\"https:\/\/jacquesisnard.fr\/wp-content\/uploads\/2024\/04\/IMG_6295-1.jpg\" alt=\"visite ce mardi 3 octobre des \u00e9tudiants M2 CJ de la facult\u00e9 de droit de Montpellier.\" width=\"640\" height=\"480\" srcset=\"https:\/\/jacquesisnard.fr\/wp-content\/uploads\/2024\/04\/IMG_6295-1.jpg 640w, https:\/\/jacquesisnard.fr\/wp-content\/uploads\/2024\/04\/IMG_6295-1-300x225.jpg 300w\" sizes=\"(max-width: 640px) 100vw, 640px\" \/><\/p><p class=\"p3\"><i>L\u00e9gende photo : visite ce mardi 3 octobre des \u00e9tudiants M2 CJ de la facult\u00e9 de droit de Montpellier.<span class=\"Apple-converted-space\">\u00a0<\/span><\/i><\/p><\/div>\n\t\t\t\t\t\t\t\t\t<div class=\"elementor-tab-title elementor-tab-mobile-title\" aria-selected=\"false\" data-tab=\"2\" role=\"tab\" tabindex=\"-1\" aria-controls=\"elementor-tab-content-9182\" aria-expanded=\"false\">VISITE DE L\u2019ACAD\u00c9MIE DES ANCIENS HUISSIERS DE JUSTICE<\/div>\n\t\t\t\t\t<div id=\"elementor-tab-content-9182\" class=\"elementor-tab-content elementor-clearfix\" data-tab=\"2\" role=\"tabpanel\" aria-labelledby=\"elementor-tab-title-9182\" tabindex=\"0\" hidden=\"hidden\"><div class=\"m_blog-meta\"><strong><span class=\"m_published3\">8 juin, 2022<\/span><\/strong><\/div><div class=\"m_blog-content\"><p>Le 8 juin 2022, l\u2019Acad\u00e9mie des Anciens Huissiers de Justice pr\u00e8s la Cour d\u2019Appel d\u2019Aix-en-Provence s\u2019est rendue dans les locaux de la Galerie Jacques ISNARD, afin d\u2019en appr\u00e9cier sa visite, guid\u00e9e par Ma\u00eetre Jean-Michel ROUZAUD.<\/p><p><img decoding=\"async\" class=\"alignnone wp-image-2361 size-large\" src=\"https:\/\/jacquesisnard.fr\/wp-content\/uploads\/2024\/04\/IMG_3018-1024x768.jpg\" alt=\"\" width=\"1024\" height=\"768\" srcset=\"https:\/\/jacquesisnard.fr\/wp-content\/uploads\/2024\/04\/IMG_3018-1024x768.jpg 1024w, https:\/\/jacquesisnard.fr\/wp-content\/uploads\/2024\/04\/IMG_3018-300x225.jpg 300w, https:\/\/jacquesisnard.fr\/wp-content\/uploads\/2024\/04\/IMG_3018-768x576.jpg 768w, https:\/\/jacquesisnard.fr\/wp-content\/uploads\/2024\/04\/IMG_3018-1536x1152.jpg 1536w, https:\/\/jacquesisnard.fr\/wp-content\/uploads\/2024\/04\/IMG_3018-2048x1536.jpg 2048w\" sizes=\"(max-width: 1024px) 100vw, 1024px\" \/><\/p><p><img loading=\"lazy\" decoding=\"async\" class=\"alignnone wp-image-2366 size-large\" src=\"https:\/\/jacquesisnard.fr\/wp-content\/uploads\/2024\/04\/IMG_3044-1024x768.jpg\" alt=\"\" width=\"1024\" height=\"768\" srcset=\"https:\/\/jacquesisnard.fr\/wp-content\/uploads\/2024\/04\/IMG_3044-1024x768.jpg 1024w, https:\/\/jacquesisnard.fr\/wp-content\/uploads\/2024\/04\/IMG_3044-300x225.jpg 300w, https:\/\/jacquesisnard.fr\/wp-content\/uploads\/2024\/04\/IMG_3044-768x576.jpg 768w, https:\/\/jacquesisnard.fr\/wp-content\/uploads\/2024\/04\/IMG_3044-1536x1152.jpg 1536w, https:\/\/jacquesisnard.fr\/wp-content\/uploads\/2024\/04\/IMG_3044-2048x1536.jpg 2048w\" sizes=\"(max-width: 1024px) 100vw, 1024px\" \/><\/p><\/div><\/div>\n\t\t\t\t\t\t\t\t\t<div class=\"elementor-tab-title elementor-tab-mobile-title\" aria-selected=\"false\" data-tab=\"3\" role=\"tab\" tabindex=\"-1\" aria-controls=\"elementor-tab-content-9183\" aria-expanded=\"false\">INAUGURATION<\/div>\n\t\t\t\t\t<div id=\"elementor-tab-content-9183\" class=\"elementor-tab-content elementor-clearfix\" data-tab=\"3\" role=\"tabpanel\" aria-labelledby=\"elementor-tab-title-9183\" tabindex=\"0\" hidden=\"hidden\"><div class=\"m_blog-meta\"><strong><span class=\"m_published3\">3 d\u00e9cembre 2021<\/span><\/strong><\/div><div class=\"m_blog-content\"><p>Le 3 d\u00e9cembre 2021, la Galerie Jacques Isnard a enfin pu \u00eatre inaugur\u00e9e dans ses nouveaux locaux \u00e0 Montpellier. C\u2019est en effet le groupe ADEC, branche de la Chambre nationale des huissiers de justice de France, qui a bien voulu faire en sorte d\u2019accueillir notre collection, et, de cette mani\u00e8re, contribuer \u00e0 entretenir la m\u00e9moire de Jacques Isnard. Si la localisation de notre Galerie a aujourd&#8217;hui du sens, c\u2019est notamment parce que notre exposition s\u2019attache \u00e0 montrer l\u2019origine de la profession d\u2019huissier ainsi que son \u00e9volution. Nous sommes en effet partis d\u2019un huissier \u00e0 cheval, pour arriver aujourd&#8217;hui \u00e0 des huissiers charg\u00e9s de saisir des crypto-monnaies. Notre monde change, notamment par le biais des nouvelles technologies, et la profession se doit de s\u2019adapter \u00e0 ces changements. C\u2019est d\u2019ailleurs ce que fait le groupe ADEC, qui accompagne le m\u00e9tier d\u2019huissier de justice dans sa transformation digitale. Mais tout reste en lien avec notre exposition, puisque l\u2019huissier d\u2019aujourd\u2019hui ne serait pas ce qu\u2019il est, sans l\u2019huissier d\u2019hier.<\/p><\/div><p><img loading=\"lazy\" decoding=\"async\" class=\"alignnone wp-image-2355 size-large\" src=\"https:\/\/jacquesisnard.fr\/wp-content\/uploads\/2024\/04\/03122021ADEC-inauguration-_NGK4967-1024x662.jpg\" alt=\"\" width=\"1024\" height=\"662\" srcset=\"https:\/\/jacquesisnard.fr\/wp-content\/uploads\/2024\/04\/03122021ADEC-inauguration-_NGK4967-1024x662.jpg 1024w, https:\/\/jacquesisnard.fr\/wp-content\/uploads\/2024\/04\/03122021ADEC-inauguration-_NGK4967-300x194.jpg 300w, https:\/\/jacquesisnard.fr\/wp-content\/uploads\/2024\/04\/03122021ADEC-inauguration-_NGK4967-768x496.jpg 768w, https:\/\/jacquesisnard.fr\/wp-content\/uploads\/2024\/04\/03122021ADEC-inauguration-_NGK4967-1536x993.jpg 1536w, https:\/\/jacquesisnard.fr\/wp-content\/uploads\/2024\/04\/03122021ADEC-inauguration-_NGK4967-2048x1323.jpg 2048w\" sizes=\"(max-width: 1024px) 100vw, 1024px\" \/><\/p><p><img loading=\"lazy\" decoding=\"async\" class=\"alignnone wp-image-2362 size-large\" src=\"https:\/\/jacquesisnard.fr\/wp-content\/uploads\/2024\/04\/03122021ADEC-inauguration-NKP_3207-1024x1024.jpg\" alt=\"\" width=\"1024\" height=\"1024\" srcset=\"https:\/\/jacquesisnard.fr\/wp-content\/uploads\/2024\/04\/03122021ADEC-inauguration-NKP_3207-1024x1024.jpg 1024w, https:\/\/jacquesisnard.fr\/wp-content\/uploads\/2024\/04\/03122021ADEC-inauguration-NKP_3207-300x300.jpg 300w, https:\/\/jacquesisnard.fr\/wp-content\/uploads\/2024\/04\/03122021ADEC-inauguration-NKP_3207-150x150.jpg 150w, https:\/\/jacquesisnard.fr\/wp-content\/uploads\/2024\/04\/03122021ADEC-inauguration-NKP_3207-768x768.jpg 768w, https:\/\/jacquesisnard.fr\/wp-content\/uploads\/2024\/04\/03122021ADEC-inauguration-NKP_3207-1536x1536.jpg 1536w, https:\/\/jacquesisnard.fr\/wp-content\/uploads\/2024\/04\/03122021ADEC-inauguration-NKP_3207-2048x2048.jpg 2048w, https:\/\/jacquesisnard.fr\/wp-content\/uploads\/2024\/04\/03122021ADEC-inauguration-NKP_3207-500x500.jpg 500w\" sizes=\"(max-width: 1024px) 100vw, 1024px\" \/><img loading=\"lazy\" decoding=\"async\" class=\"alignnone wp-image-2364 size-large\" src=\"https:\/\/jacquesisnard.fr\/wp-content\/uploads\/2024\/04\/03122021ADEC-inauguration-NKP_3210-1024x681.jpg\" alt=\"\" width=\"1024\" height=\"681\" srcset=\"https:\/\/jacquesisnard.fr\/wp-content\/uploads\/2024\/04\/03122021ADEC-inauguration-NKP_3210-1024x681.jpg 1024w, https:\/\/jacquesisnard.fr\/wp-content\/uploads\/2024\/04\/03122021ADEC-inauguration-NKP_3210-300x200.jpg 300w, https:\/\/jacquesisnard.fr\/wp-content\/uploads\/2024\/04\/03122021ADEC-inauguration-NKP_3210-768x511.jpg 768w, https:\/\/jacquesisnard.fr\/wp-content\/uploads\/2024\/04\/03122021ADEC-inauguration-NKP_3210-1536x1022.jpg 1536w, https:\/\/jacquesisnard.fr\/wp-content\/uploads\/2024\/04\/03122021ADEC-inauguration-NKP_3210-2048x1362.jpg 2048w\" sizes=\"(max-width: 1024px) 100vw, 1024px\" \/><img loading=\"lazy\" decoding=\"async\" class=\"alignnone wp-image-2365 size-large\" src=\"https:\/\/jacquesisnard.fr\/wp-content\/uploads\/2024\/04\/03122021ADEC-inauguration-NKP_3344-1024x681.jpg\" alt=\"\" width=\"1024\" height=\"681\" srcset=\"https:\/\/jacquesisnard.fr\/wp-content\/uploads\/2024\/04\/03122021ADEC-inauguration-NKP_3344-1024x681.jpg 1024w, https:\/\/jacquesisnard.fr\/wp-content\/uploads\/2024\/04\/03122021ADEC-inauguration-NKP_3344-300x200.jpg 300w, https:\/\/jacquesisnard.fr\/wp-content\/uploads\/2024\/04\/03122021ADEC-inauguration-NKP_3344-768x511.jpg 768w, https:\/\/jacquesisnard.fr\/wp-content\/uploads\/2024\/04\/03122021ADEC-inauguration-NKP_3344-1536x1022.jpg 1536w, https:\/\/jacquesisnard.fr\/wp-content\/uploads\/2024\/04\/03122021ADEC-inauguration-NKP_3344-2048x1362.jpg 2048w\" sizes=\"(max-width: 1024px) 100vw, 1024px\" \/><img loading=\"lazy\" decoding=\"async\" class=\"alignnone wp-image-2359 size-large\" src=\"https:\/\/jacquesisnard.fr\/wp-content\/uploads\/2024\/04\/03122021ADEC-inauguration-NKP_3182-1024x1024.jpg\" alt=\"\" width=\"1024\" height=\"1024\" srcset=\"https:\/\/jacquesisnard.fr\/wp-content\/uploads\/2024\/04\/03122021ADEC-inauguration-NKP_3182-1024x1024.jpg 1024w, https:\/\/jacquesisnard.fr\/wp-content\/uploads\/2024\/04\/03122021ADEC-inauguration-NKP_3182-300x300.jpg 300w, https:\/\/jacquesisnard.fr\/wp-content\/uploads\/2024\/04\/03122021ADEC-inauguration-NKP_3182-150x150.jpg 150w, https:\/\/jacquesisnard.fr\/wp-content\/uploads\/2024\/04\/03122021ADEC-inauguration-NKP_3182-768x768.jpg 768w, https:\/\/jacquesisnard.fr\/wp-content\/uploads\/2024\/04\/03122021ADEC-inauguration-NKP_3182-1536x1536.jpg 1536w, https:\/\/jacquesisnard.fr\/wp-content\/uploads\/2024\/04\/03122021ADEC-inauguration-NKP_3182-2048x2048.jpg 2048w, https:\/\/jacquesisnard.fr\/wp-content\/uploads\/2024\/04\/03122021ADEC-inauguration-NKP_3182-500x500.jpg 500w\" sizes=\"(max-width: 1024px) 100vw, 1024px\" \/><\/p><\/div>\n\t\t\t\t\t\t\t\t\t<div class=\"elementor-tab-title elementor-tab-mobile-title\" aria-selected=\"false\" data-tab=\"4\" role=\"tab\" tabindex=\"-1\" aria-controls=\"elementor-tab-content-9184\" aria-expanded=\"false\">HOMMAGE<\/div>\n\t\t\t\t\t<div id=\"elementor-tab-content-9184\" class=\"elementor-tab-content elementor-clearfix\" data-tab=\"4\" role=\"tabpanel\" aria-labelledby=\"elementor-tab-title-9184\" tabindex=\"0\" hidden=\"hidden\"><div class=\"m_blog-meta\"><strong><span class=\"m_published3\">23 novembre 2021<\/span><\/strong><\/div><div class=\"m_blog-content\"><p>Le 23 novembre 2021, lors du 24e Congr\u00e8s international des huissiers de justice \u00e0 Duba\u00ef, un vibrant hommage a \u00e9t\u00e9 rendu \u00e0 Jacques Isnard, notamment au travers d\u2019une \u00e9vocation de son oeuvre et la projection d\u2019un film retra\u00e7ant plus de trente ann\u00e9es d\u2019actions au service de la profession, par Mathieu Chardon, premier vice-pr\u00e9sident de l\u2019UIHJ, Fran\u00e7oise Andrieux, pr\u00e9sidente honoraire de l\u2019UIHJ, Marine Isnard, petite-fille du pr\u00e9sident Jacques Isnard, et Marc Schmitz, pr\u00e9sident de l\u2019UIHJ. Cette c\u00e9r\u00e9monie s\u2019est achev\u00e9e sur la remise \u00e0 Marine Isnard par le pr\u00e9sident Schmitz de la premi\u00e8re M\u00e9daille d\u2019Or Jacques Isnard, qui a \u00e9t\u00e9 grav\u00e9e pour cette occasion, pour lui rendre hommage. Au cours du Congr\u00e8s, Fran\u00e7oise Andrieux et Nathalie Fricero ont \u00e9galement \u00e9t\u00e9 d\u00e9cor\u00e9es de cette M\u00e9daille d\u2019Or, d\u00e9sormais d\u00e9di\u00e9e \u00e0 r\u00e9compenser celles et ceux qui ont largement particip\u00e9 \u00e0 l\u2019oeuvre de Jacques Isnard au cours de sa carri\u00e8re, ou qui contribuent \u00e0 en entretenir la m\u00e9moire.<\/p><br \/><ul><li><a class=\"m_active\" href=\"https:\/\/www.google.com\/url?q=https:\/\/www.uihj.com\/fr\/2021\/12\/20\/hommage-a-jacques-isnard-1942-2020-ancien-president-de-luihj-de-1994-a-2009-pendant-le-24e-congres-international-des-huissiers-de-justice-a-dubai-le-23-novembre-2021-un-an-jour-pour-jour\/&amp;source=gmail-html&amp;ust=1714084410833000&amp;usg=AOvVaw2V4VKcBQmN2B5gQP3ymZep\" target=\"_blank\" rel=\"noopener noreferrer\">Hommage \u00e0 Jacques Isnard (1942-2020), ancien pr\u00e9sident de l\u2019UIHJ de 1994 \u00e0 2009, pendant le 24e congr\u00e8s international des huissiers de justice \u00e0 Duba\u00ef le 23 novembre 2021<\/a><\/li><\/ul><p><img loading=\"lazy\" decoding=\"async\" class=\"alignnone wp-image-2293 size-full\" src=\"https:\/\/jacquesisnard.fr\/wp-content\/uploads\/2024\/04\/IMG_9292.jpg\" alt=\"\" width=\"960\" height=\"640\" srcset=\"https:\/\/jacquesisnard.fr\/wp-content\/uploads\/2024\/04\/IMG_9292.jpg 960w, https:\/\/jacquesisnard.fr\/wp-content\/uploads\/2024\/04\/IMG_9292-300x200.jpg 300w, https:\/\/jacquesisnard.fr\/wp-content\/uploads\/2024\/04\/IMG_9292-768x512.jpg 768w\" sizes=\"(max-width: 960px) 100vw, 960px\" \/> <img loading=\"lazy\" decoding=\"async\" class=\"alignnone wp-image-2294 size-large\" src=\"https:\/\/jacquesisnard.fr\/wp-content\/uploads\/2024\/04\/IMG_9293-680x1024.jpg\" alt=\"\" width=\"680\" height=\"1024\" srcset=\"https:\/\/jacquesisnard.fr\/wp-content\/uploads\/2024\/04\/IMG_9293-680x1024.jpg 680w, https:\/\/jacquesisnard.fr\/wp-content\/uploads\/2024\/04\/IMG_9293-199x300.jpg 199w, https:\/\/jacquesisnard.fr\/wp-content\/uploads\/2024\/04\/IMG_9293-768x1157.jpg 768w, https:\/\/jacquesisnard.fr\/wp-content\/uploads\/2024\/04\/IMG_9293-1020x1536.jpg 1020w, https:\/\/jacquesisnard.fr\/wp-content\/uploads\/2024\/04\/IMG_9293.jpg 1360w\" sizes=\"(max-width: 680px) 100vw, 680px\" \/> <img decoding=\"async\" class=\"alignnone size-full wp-image-2295\" src=\"https:\/\/jacquesisnard.fr\/wp-content\/uploads\/2024\/04\/IMG_9402.heic\" alt=\"\" \/> <img loading=\"lazy\" decoding=\"async\" class=\"alignnone wp-image-2296 size-large\" src=\"https:\/\/jacquesisnard.fr\/wp-content\/uploads\/2024\/04\/BA5A6F97-B073-4389-9F2A-E636965CA4F6-576x1024.jpg\" alt=\"\" width=\"576\" height=\"1024\" srcset=\"https:\/\/jacquesisnard.fr\/wp-content\/uploads\/2024\/04\/BA5A6F97-B073-4389-9F2A-E636965CA4F6-576x1024.jpg 576w, https:\/\/jacquesisnard.fr\/wp-content\/uploads\/2024\/04\/BA5A6F97-B073-4389-9F2A-E636965CA4F6-169x300.jpg 169w, https:\/\/jacquesisnard.fr\/wp-content\/uploads\/2024\/04\/BA5A6F97-B073-4389-9F2A-E636965CA4F6-768x1365.jpg 768w, https:\/\/jacquesisnard.fr\/wp-content\/uploads\/2024\/04\/BA5A6F97-B073-4389-9F2A-E636965CA4F6-864x1536.jpg 864w, https:\/\/jacquesisnard.fr\/wp-content\/uploads\/2024\/04\/BA5A6F97-B073-4389-9F2A-E636965CA4F6-1152x2048.jpg 1152w, https:\/\/jacquesisnard.fr\/wp-content\/uploads\/2024\/04\/BA5A6F97-B073-4389-9F2A-E636965CA4F6-scaled.jpg 1440w\" sizes=\"(max-width: 576px) 100vw, 576px\" \/><img decoding=\"async\" class=\"alignnone size-full wp-image-2295\" src=\"https:\/\/jacquesisnard.fr\/wp-content\/uploads\/2024\/04\/IMG_9402.heic\" alt=\"\" \/>\u00a0<\/p><\/div><\/div>\n\t\t\t\t\t\t\t<\/div>\n\t\t<\/div>\n\t\t\t\t\t\t<\/div>\n\t\t\t\t<\/div>\n\t\t\t\t\t<\/div>\n\t\t\t\t<\/div>\n\t\t\t\t<\/div>\n\t\t","protected":false},"excerpt":{"rendered":"<p>Actualit\u00e9s de l&#8217;association VOUS AVEZ \u00c9T\u00c9 PLUS DE 250 VISITEURS ! VISITE DE L\u2019ACAD\u00c9MIE DES ANCIENS HUISSIERS DE JUSTICE INAUGURATION HOMMAGE VOUS AVEZ \u00c9T\u00c9 PLUS DE 250 VISITEURS ! Septembre\u00a02023 Depuis l\u2019inauguration de la Galerie Jacques Isnard dans les locaux de l\u2019ADEC, vous avez \u00e9t\u00e9 plus de 250 \u00e0 nous rendre visite. Etudiants, professeurs, professionnels [&hellip;]<\/p>\n","protected":false},"author":1,"featured_media":0,"parent":0,"menu_order":0,"comment_status":"closed","ping_status":"closed","template":"full-width.php","meta":{"_acf_changed":false,"footnotes":""},"acf":[],"_links":{"self":[{"href":"https:\/\/jacquesisnard.fr\/index.php?rest_route=\/wp\/v2\/pages\/171"}],"collection":[{"href":"https:\/\/jacquesisnard.fr\/index.php?rest_route=\/wp\/v2\/pages"}],"about":[{"href":"https:\/\/jacquesisnard.fr\/index.php?rest_route=\/wp\/v2\/types\/page"}],"author":[{"embeddable":true,"href":"https:\/\/jacquesisnard.fr\/index.php?rest_route=\/wp\/v2\/users\/1"}],"replies":[{"embeddable":true,"href":"https:\/\/jacquesisnard.fr\/index.php?rest_route=%2Fwp%2Fv2%2Fcomments&post=171"}],"version-history":[{"count":63,"href":"https:\/\/jacquesisnard.fr\/index.php?rest_route=\/wp\/v2\/pages\/171\/revisions"}],"predecessor-version":[{"id":2378,"href":"https:\/\/jacquesisnard.fr\/index.php?rest_route=\/wp\/v2\/pages\/171\/revisions\/2378"}],"wp:attachment":[{"href":"https:\/\/jacquesisnard.fr\/index.php?rest_route=%2Fwp%2Fv2%2Fmedia&parent=171"}],"curies":[{"name":"wp","href":"https:\/\/api.w.org\/{rel}","templated":true}]}}