{"id":1325,"date":"2024-04-22T21:51:26","date_gmt":"2024-04-22T19:51:26","guid":{"rendered":"http:\/\/jacquesisnard.fr\/?page_id=1325"},"modified":"2024-04-25T01:15:41","modified_gmt":"2024-04-24T23:15:41","slug":"en-souvenir-du-musee-hostiarii","status":"publish","type":"page","link":"https:\/\/jacquesisnard.fr\/?page_id=1325","title":{"rendered":"En souvenir du Mus\u00e9e Hostiarii"},"content":{"rendered":"\t\t<div data-elementor-type=\"wp-page\" data-elementor-id=\"1325\" class=\"elementor elementor-1325\">\n\t\t\t\t<div class=\"elementor-element elementor-element-690d1d2 e-flex e-con-boxed e-con e-parent\" data-id=\"690d1d2\" data-element_type=\"container\" data-settings=\"{&quot;jet_parallax_layout_list&quot;:[]}\">\n\t\t\t\t\t<div class=\"e-con-inner\">\n\t\t<div class=\"elementor-element elementor-element-41bb0d0 e-con-full e-flex e-con e-child\" data-id=\"41bb0d0\" data-element_type=\"container\" data-settings=\"{&quot;jet_parallax_layout_list&quot;:[]}\">\n\t\t<div class=\"elementor-element elementor-element-77af56a e-con-full e-flex e-con e-child\" data-id=\"77af56a\" data-element_type=\"container\" data-settings=\"{&quot;jet_parallax_layout_list&quot;:[]}\">\n\t\t\t\t<div class=\"elementor-element elementor-element-a9223a0 elementor-widget elementor-widget-heading\" data-id=\"a9223a0\" data-element_type=\"widget\" data-widget_type=\"heading.default\">\n\t\t\t\t<div class=\"elementor-widget-container\">\n\t\t\t\t\t<h2 class=\"elementor-heading-title elementor-size-default\">Le mus\u00e9e Hostiarii,<\/h2>\t\t\t\t<\/div>\n\t\t\t\t<\/div>\n\t\t\t\t<div class=\"elementor-element elementor-element-65a3cef elementor-widget elementor-widget-text-editor\" data-id=\"65a3cef\" data-element_type=\"widget\" data-widget_type=\"text-editor.default\">\n\t\t\t\t<div class=\"elementor-widget-container\">\n\t\t\t\t\t\t\t\t\t<p>premier mus\u00e9e au monde sur l\u2019histoire de la profession d\u2019huissier de justice avait \u00e9t\u00e9 inaugur\u00e9 en mars 2015 dans les locaux de l\u2019Ecole nationale de proc\u00e9dure (ENP) \u00e0 Paris, par Jacques Isnard et Jean-Michel Rouzaud, pr\u00e9sident honoraire de cette \u00e9cole. L&#8217;id\u00e9e de cr\u00e9er un mus\u00e9e sur l&#8217;histoire de la profession d&#8217;huissier de justice germait en r\u00e9alit\u00e9 depuis longtemps dans la t\u00eate de Jacques Isnard.<\/p>\t\t\t\t\t\t\t\t<\/div>\n\t\t\t\t<\/div>\n\t\t\t\t<\/div>\n\t\t\t\t<\/div>\n\t\t<div class=\"elementor-element elementor-element-e8c360b e-con-full e-flex e-con e-child\" data-id=\"e8c360b\" data-element_type=\"container\" data-settings=\"{&quot;jet_parallax_layout_list&quot;:[]}\">\n\t\t\t\t<div class=\"elementor-element elementor-element-b43086f elementor-widget elementor-widget-spacer\" data-id=\"b43086f\" data-element_type=\"widget\" data-widget_type=\"spacer.default\">\n\t\t\t\t<div class=\"elementor-widget-container\">\n\t\t\t\t\t\t\t<div class=\"elementor-spacer\">\n\t\t\t<div class=\"elementor-spacer-inner\"><\/div>\n\t\t<\/div>\n\t\t\t\t\t\t<\/div>\n\t\t\t\t<\/div>\n\t\t\t\t<div class=\"elementor-element elementor-element-4335077 elementor-widget elementor-widget-image\" data-id=\"4335077\" data-element_type=\"widget\" data-widget_type=\"image.default\">\n\t\t\t\t<div class=\"elementor-widget-container\">\n\t\t\t\t\t\t\t\t\t\t\t\t\t\t\t<img fetchpriority=\"high\" decoding=\"async\" width=\"1024\" height=\"683\" src=\"https:\/\/jacquesisnard.fr\/wp-content\/uploads\/2024\/04\/DSC08674-1-1024x683.jpg\" class=\"attachment-large size-large wp-image-2197\" alt=\"\" srcset=\"https:\/\/jacquesisnard.fr\/wp-content\/uploads\/2024\/04\/DSC08674-1-1024x683.jpg 1024w, https:\/\/jacquesisnard.fr\/wp-content\/uploads\/2024\/04\/DSC08674-1-300x200.jpg 300w, https:\/\/jacquesisnard.fr\/wp-content\/uploads\/2024\/04\/DSC08674-1-768x512.jpg 768w, https:\/\/jacquesisnard.fr\/wp-content\/uploads\/2024\/04\/DSC08674-1-1536x1024.jpg 1536w, https:\/\/jacquesisnard.fr\/wp-content\/uploads\/2024\/04\/DSC08674-1-2048x1365.jpg 2048w\" sizes=\"(max-width: 1024px) 100vw, 1024px\" \/>\t\t\t\t\t\t\t\t\t\t\t\t\t\t\t<\/div>\n\t\t\t\t<\/div>\n\t\t\t\t<\/div>\n\t\t\t\t\t<\/div>\n\t\t\t\t<\/div>\n\t\t<div class=\"elementor-element elementor-element-a263fbd e-flex e-con-boxed e-con e-parent\" data-id=\"a263fbd\" data-element_type=\"container\" data-settings=\"{&quot;jet_parallax_layout_list&quot;:[]}\">\n\t\t\t\t\t<div class=\"e-con-inner\">\n\t\t<div class=\"elementor-element elementor-element-b993671 e-con-full e-flex e-con e-child\" data-id=\"b993671\" data-element_type=\"container\" data-settings=\"{&quot;jet_parallax_layout_list&quot;:[]}\">\n\t\t\t\t<div class=\"elementor-element elementor-element-13113ba elementor-widget elementor-widget-image\" data-id=\"13113ba\" data-element_type=\"widget\" data-widget_type=\"image.default\">\n\t\t\t\t<div class=\"elementor-widget-container\">\n\t\t\t\t\t\t\t\t\t\t\t\t\t\t\t<img decoding=\"async\" width=\"1024\" height=\"682\" src=\"https:\/\/jacquesisnard.fr\/wp-content\/uploads\/2024\/04\/3.jpg\" class=\"attachment-large size-large wp-image-2198\" alt=\"\" srcset=\"https:\/\/jacquesisnard.fr\/wp-content\/uploads\/2024\/04\/3.jpg 1024w, https:\/\/jacquesisnard.fr\/wp-content\/uploads\/2024\/04\/3-300x200.jpg 300w, https:\/\/jacquesisnard.fr\/wp-content\/uploads\/2024\/04\/3-768x512.jpg 768w\" sizes=\"(max-width: 1024px) 100vw, 1024px\" \/>\t\t\t\t\t\t\t\t\t\t\t\t\t\t\t<\/div>\n\t\t\t\t<\/div>\n\t\t\t\t<\/div>\n\t\t<div class=\"elementor-element elementor-element-3c734b0 e-con-full e-flex e-con e-child\" data-id=\"3c734b0\" data-element_type=\"container\" data-settings=\"{&quot;jet_parallax_layout_list&quot;:[]}\">\n\t\t<div class=\"elementor-element elementor-element-df946ce e-con-full e-flex e-con e-child\" data-id=\"df946ce\" data-element_type=\"container\" data-settings=\"{&quot;jet_parallax_layout_list&quot;:[]}\">\n\t\t\t\t<div class=\"elementor-element elementor-element-f778a84 elementor-widget elementor-widget-heading\" data-id=\"f778a84\" data-element_type=\"widget\" data-widget_type=\"heading.default\">\n\t\t\t\t<div class=\"elementor-widget-container\">\n\t\t\t\t\t<h2 class=\"elementor-heading-title elementor-size-default\">Pourquoi Hostiarii ?\u00a0<\/h2>\t\t\t\t<\/div>\n\t\t\t\t<\/div>\n\t\t\t\t<div class=\"elementor-element elementor-element-3f6c48e elementor-widget elementor-widget-text-editor\" data-id=\"3f6c48e\" data-element_type=\"widget\" data-widget_type=\"text-editor.default\">\n\t\t\t\t<div class=\"elementor-widget-container\">\n\t\t\t\t\t\t\t\t\t<p>C\u2019est sous ce nom que sont connus les premiers huissiers de justice en France, nom qui a \u00e9galement donn\u00e9 naissance \u00e0 deux ouvrages collectifs sur l&#8217;histoire de la profession, publi\u00e9s en 1997 et en 2002, sous l&#8217;impulsion de Me ISNARD.<\/p>\t\t\t\t\t\t\t\t<\/div>\n\t\t\t\t<\/div>\n\t\t\t\t<\/div>\n\t\t\t\t<\/div>\n\t\t\t\t\t<\/div>\n\t\t\t\t<\/div>\n\t\t<div class=\"elementor-element elementor-element-b3163d5 e-flex e-con-boxed e-con e-parent\" data-id=\"b3163d5\" data-element_type=\"container\" data-settings=\"{&quot;jet_parallax_layout_list&quot;:[]}\">\n\t\t\t\t\t<div class=\"e-con-inner\">\n\t\t<div class=\"elementor-element elementor-element-5037e07 e-con-full e-flex e-con e-child\" data-id=\"5037e07\" data-element_type=\"container\" data-settings=\"{&quot;jet_parallax_layout_list&quot;:[]}\">\n\t\t\t\t<div class=\"elementor-element elementor-element-3782912 elementor-widget elementor-widget-text-editor\" data-id=\"3782912\" data-element_type=\"widget\" data-widget_type=\"text-editor.default\">\n\t\t\t\t<div class=\"elementor-widget-container\">\n\t\t\t\t\t\t\t\t\t<p class=\"p1\">Collectionneur depuis toujours de documents et d&#8217;ouvrages sur la profession, Jacques Isnard souhaitait que sa collection, comportant des centaines de pi\u00e8ces, puisse b\u00e9n\u00e9ficier au plus grand nombre. De son c\u00f4t\u00e9, l\u2019ENP venait d&#8217;emm\u00e9nager dans ses nouveaux locaux parisiens, rue Notre<span class=\"Apple-converted-space\">\u00a0\u00a0<\/span>Dame des Victoires, dans le 2<span style=\"position: relative; font-size: 12px; line-height: 0; vertical-align: baseline; top: -0.5em;\">e<\/span>\u00a0arrondissement. Il n&#8217;en fallait pas plus pour donner naissance au premier mus\u00e9e sur l&#8217;histoire de la profession d&#8217;huissier de justice.<\/p><p class=\"p1\">Le mus\u00e9e comprenait, au rez-de-chauss\u00e9e, une biblioth\u00e8que constitu\u00e9e de centaines d&#8217;ouvrages consacr\u00e9s \u00e0 la profession puis, au sous-sol, des magnifiques caves vout\u00e9es abritaient d&#8217;autres tr\u00e9sors : actes d&#8217;huissiers de justice, arr\u00eat\u00e9s de nomination, affiches, costumes, lithographies, journaux, objets utilis\u00e9s par les huissiers de justice\u2026<\/p>\t\t\t\t\t\t\t\t<\/div>\n\t\t\t\t<\/div>\n\t\t\t\t<\/div>\n\t\t<div class=\"elementor-element elementor-element-a98eef8 e-con-full e-flex e-con e-child\" data-id=\"a98eef8\" data-element_type=\"container\" data-settings=\"{&quot;jet_parallax_layout_list&quot;:[]}\">\n\t\t\t\t<div class=\"elementor-element elementor-element-2390e9f elementor-widget elementor-widget-image\" data-id=\"2390e9f\" data-element_type=\"widget\" data-widget_type=\"image.default\">\n\t\t\t\t<div class=\"elementor-widget-container\">\n\t\t\t\t\t\t\t\t\t\t\t\t\t\t\t<img decoding=\"async\" width=\"768\" height=\"886\" src=\"https:\/\/jacquesisnard.fr\/wp-content\/uploads\/2024\/04\/4.jpg\" class=\"attachment-large size-large wp-image-2199\" alt=\"\" srcset=\"https:\/\/jacquesisnard.fr\/wp-content\/uploads\/2024\/04\/4.jpg 768w, https:\/\/jacquesisnard.fr\/wp-content\/uploads\/2024\/04\/4-260x300.jpg 260w\" sizes=\"(max-width: 768px) 100vw, 768px\" \/>\t\t\t\t\t\t\t\t\t\t\t\t\t\t\t<\/div>\n\t\t\t\t<\/div>\n\t\t\t\t<\/div>\n\t\t<div class=\"elementor-element elementor-element-a307bf5 e-con-full e-flex e-con e-child\" data-id=\"a307bf5\" data-element_type=\"container\" data-settings=\"{&quot;jet_parallax_layout_list&quot;:[]}\">\n\t\t\t\t<div class=\"elementor-element elementor-element-5d6cffe elementor-widget elementor-widget-spacer\" data-id=\"5d6cffe\" data-element_type=\"widget\" data-widget_type=\"spacer.default\">\n\t\t\t\t<div class=\"elementor-widget-container\">\n\t\t\t\t\t\t\t<div class=\"elementor-spacer\">\n\t\t\t<div class=\"elementor-spacer-inner\"><\/div>\n\t\t<\/div>\n\t\t\t\t\t\t<\/div>\n\t\t\t\t<\/div>\n\t\t\t\t<div class=\"elementor-element elementor-element-c69e50a elementor-widget elementor-widget-image\" data-id=\"c69e50a\" data-element_type=\"widget\" data-widget_type=\"image.default\">\n\t\t\t\t<div class=\"elementor-widget-container\">\n\t\t\t\t\t\t\t\t\t\t\t\t\t\t\t<img loading=\"lazy\" decoding=\"async\" width=\"500\" height=\"500\" src=\"https:\/\/jacquesisnard.fr\/wp-content\/uploads\/2024\/04\/6_-_bibliotheque_-e1713872677115-500x500.jpg\" class=\"attachment-Image Size 500x500 size-Image Size 500x500 wp-image-2200\" alt=\"\" srcset=\"https:\/\/jacquesisnard.fr\/wp-content\/uploads\/2024\/04\/6_-_bibliotheque_-e1713872677115-500x500.jpg 500w, https:\/\/jacquesisnard.fr\/wp-content\/uploads\/2024\/04\/6_-_bibliotheque_-e1713872677115-150x150.jpg 150w\" sizes=\"(max-width: 500px) 100vw, 500px\" \/>\t\t\t\t\t\t\t\t\t\t\t\t\t\t\t<\/div>\n\t\t\t\t<\/div>\n\t\t\t\t<\/div>\n\t\t<div class=\"elementor-element elementor-element-3ede8cc e-con-full e-flex e-con e-child\" data-id=\"3ede8cc\" data-element_type=\"container\" data-settings=\"{&quot;jet_parallax_layout_list&quot;:[]}\">\n\t\t\t\t<div class=\"elementor-element elementor-element-b393e79 elementor-widget elementor-widget-text-editor\" data-id=\"b393e79\" data-element_type=\"widget\" data-widget_type=\"text-editor.default\">\n\t\t\t\t<div class=\"elementor-widget-container\">\n\t\t\t\t\t\t\t\t\t<p class=\"p1\">Jusqu\u2019en 2019, Jacques Isnard a fait vivre ce mus\u00e9e, projet de toute une vie, en organisant de nombreuses visites guid\u00e9es, notamment tourn\u00e9es vers les \u00e9tudiants, les historiens ou les juristes, afin de pr\u00e9senter les \u0153uvres historiques, parfois uniques, qu\u2019il avait pu acqu\u00e9rir pendant plus de 50 ans. L\u2019ENP ayant quitt\u00e9 les locaux qu\u2019elle occupait \u00e0 Paris, le mus\u00e9e a cependant d\u00fb fermer ses portes.<\/p><p class=\"p1\">Fort heureusement, l\u2019Association pour la promotion de l\u2019\u0153uvre de Me Jacques Isnard a su redonner \u00e0 cette collection la lumi\u00e8re qu\u2019elle m\u00e9ritait, rendant ainsi le plus bel hommage qu\u2019il soit \u00e0 son auteur.<\/p><p class=\"p1\">La Galerie Jacques Isnard est d\u00e9sormais ouverte \u00e0 tous sur Montpellier et elle n&#8217;attend que vous !\u00a0\u00bb<\/p>\t\t\t\t\t\t\t\t<\/div>\n\t\t\t\t<\/div>\n\t\t\t\t<\/div>\n\t\t\t\t\t<\/div>\n\t\t\t\t<\/div>\n\t\t<div class=\"elementor-element elementor-element-08e9c30 e-flex e-con-boxed e-con e-parent\" data-id=\"08e9c30\" data-element_type=\"container\" data-settings=\"{&quot;jet_parallax_layout_list&quot;:[]}\">\n\t\t\t\t\t<div class=\"e-con-inner\">\n\t\t<div class=\"elementor-element elementor-element-3b5e316c e-con-full e-flex e-con e-child\" data-id=\"3b5e316c\" data-element_type=\"container\" data-settings=\"{&quot;jet_parallax_layout_list&quot;:[]}\">\n\t\t\t\t<div class=\"elementor-element elementor-element-40e412d8 elementor-align-left elementor-widget elementor-widget-raven-heading\" data-id=\"40e412d8\" data-element_type=\"widget\" data-widget_type=\"raven-heading.default\">\n\t\t\t\t<div class=\"elementor-widget-container\">\n\t\t\t\t\t\t\t<div class=\"raven-widget-wrapper\"><h2 class=\"raven-heading raven-heading-h2\"><span class=\"raven-heading-title \">En souvenir du Mus\u00e9e Hostiarii<br>\n<span style=\"color:#333\">Quelques photographies<\/span><\/span><\/h2><\/div>\n\t\t\t\t\t\t<\/div>\n\t\t\t\t<\/div>\n\t\t\t\t<\/div>\n\t\t\t\t<div class=\"elementor-element elementor-element-56171c5e gallery-layout-masonry content-visibility-visible content-layout-under-image video-preview-player sticky-filter-bar-false elementor-widget elementor-widget-raven-media-gallery\" data-id=\"56171c5e\" data-element_type=\"widget\" data-settings=\"{&quot;content_layout_visible&quot;:&quot;under-image&quot;,&quot;all_filter&quot;:&quot;show&quot;}\" data-widget_type=\"raven-media-gallery.default\">\n\t\t\t\t<div class=\"elementor-widget-container\">\n\t\t\t\t\t<div class=\"raven-media-gallery-wrapper\"><div class=\"raven-media-gallery-tab-contents\"><div data-raven-content-index=\"0\" class=\"content active\">\t\t<a class=\"gallery-item\" href=\"https:\/\/jacquesisnard.fr\/wp-content\/uploads\/2024\/04\/DSC08613-1-scaled.jpg\" data-elementor-open-lightbox=\"yes\" data-elementor-lightbox-slideshow=\"all-56171c5e\">\n\t\t\t<div class=\"type-image\">\n\t\t\t\t<div class=\"poster\">\n\t\t\t\t\t\t\t\t\t\t<img decoding=\"async\" loading=\"lazy\" src=\"https:\/\/jacquesisnard.fr\/wp-content\/uploads\/2024\/04\/DSC08613-1-scaled.jpg\" alt=\"\">\n\t\t\t\t<\/div>\n\t\t\t<\/div>\n\t\t\t\t\t<div class=\"overlay\">\n\t\t\t\t\t<\/div>\n\t\t\t\t<\/a>\n\t\t\t\t<a class=\"gallery-item\" href=\"https:\/\/jacquesisnard.fr\/wp-content\/uploads\/2024\/04\/DSC08675-1-scaled.jpg\" data-elementor-open-lightbox=\"yes\" data-elementor-lightbox-slideshow=\"all-56171c5e\">\n\t\t\t<div class=\"type-image\">\n\t\t\t\t<div class=\"poster\">\n\t\t\t\t\t\t\t\t\t\t<img decoding=\"async\" loading=\"lazy\" src=\"https:\/\/jacquesisnard.fr\/wp-content\/uploads\/2024\/04\/DSC08675-1-scaled.jpg\" alt=\"\">\n\t\t\t\t<\/div>\n\t\t\t<\/div>\n\t\t\t\t\t<div class=\"overlay\">\n\t\t\t\t\t<\/div>\n\t\t\t\t<\/a>\n\t\t\t\t<a class=\"gallery-item\" href=\"https:\/\/jacquesisnard.fr\/wp-content\/uploads\/2024\/04\/DSC08702-1-scaled.jpg\" data-elementor-open-lightbox=\"yes\" data-elementor-lightbox-slideshow=\"all-56171c5e\">\n\t\t\t<div class=\"type-image\">\n\t\t\t\t<div class=\"poster\">\n\t\t\t\t\t\t\t\t\t\t<img decoding=\"async\" loading=\"lazy\" src=\"https:\/\/jacquesisnard.fr\/wp-content\/uploads\/2024\/04\/DSC08702-1-scaled.jpg\" alt=\"\">\n\t\t\t\t<\/div>\n\t\t\t<\/div>\n\t\t\t\t\t<div class=\"overlay\">\n\t\t\t\t\t<\/div>\n\t\t\t\t<\/a>\n\t\t\t\t<a class=\"gallery-item\" href=\"https:\/\/jacquesisnard.fr\/wp-content\/uploads\/2024\/04\/DSC08661-1-scaled.jpg\" data-elementor-open-lightbox=\"yes\" data-elementor-lightbox-slideshow=\"all-56171c5e\">\n\t\t\t<div class=\"type-image\">\n\t\t\t\t<div class=\"poster\">\n\t\t\t\t\t\t\t\t\t\t<img decoding=\"async\" loading=\"lazy\" src=\"https:\/\/jacquesisnard.fr\/wp-content\/uploads\/2024\/04\/DSC08661-1-scaled.jpg\" alt=\"\">\n\t\t\t\t<\/div>\n\t\t\t<\/div>\n\t\t\t\t\t<div class=\"overlay\">\n\t\t\t\t\t<\/div>\n\t\t\t\t<\/a>\n\t\t\t\t<a class=\"gallery-item\" href=\"https:\/\/jacquesisnard.fr\/wp-content\/uploads\/2024\/04\/DSC08681-1-scaled.jpg\" data-elementor-open-lightbox=\"yes\" data-elementor-lightbox-slideshow=\"all-56171c5e\">\n\t\t\t<div class=\"type-image\">\n\t\t\t\t<div class=\"poster\">\n\t\t\t\t\t\t\t\t\t\t<img decoding=\"async\" loading=\"lazy\" src=\"https:\/\/jacquesisnard.fr\/wp-content\/uploads\/2024\/04\/DSC08681-1-scaled.jpg\" alt=\"\">\n\t\t\t\t<\/div>\n\t\t\t<\/div>\n\t\t\t\t\t<div class=\"overlay\">\n\t\t\t\t\t<\/div>\n\t\t\t\t<\/a>\n\t\t\t\t<a class=\"gallery-item\" href=\"https:\/\/jacquesisnard.fr\/wp-content\/uploads\/2024\/04\/3.jpg\" data-elementor-open-lightbox=\"yes\" data-elementor-lightbox-slideshow=\"all-56171c5e\">\n\t\t\t<div class=\"type-image\">\n\t\t\t\t<div class=\"poster\">\n\t\t\t\t\t\t\t\t\t\t<img decoding=\"async\" loading=\"lazy\" src=\"https:\/\/jacquesisnard.fr\/wp-content\/uploads\/2024\/04\/3.jpg\" alt=\"\">\n\t\t\t\t<\/div>\n\t\t\t<\/div>\n\t\t\t\t\t<div class=\"overlay\">\n\t\t\t\t\t<\/div>\n\t\t\t\t<\/a>\n\t\t<\/div><\/div><\/div>\t\t\t\t<\/div>\n\t\t\t\t<\/div>\n\t\t\t\t\t<\/div>\n\t\t\t\t<\/div>\n\t\t<div class=\"elementor-element elementor-element-44ea707 e-flex e-con-boxed e-con e-parent\" data-id=\"44ea707\" data-element_type=\"container\" data-settings=\"{&quot;jet_parallax_layout_list&quot;:[]}\">\n\t\t\t\t\t<div class=\"e-con-inner\">\n\t\t\t\t\t<\/div>\n\t\t\t\t<\/div>\n\t\t\t\t<\/div>\n\t\t","protected":false},"excerpt":{"rendered":"<p>Le mus\u00e9e Hostiarii, premier mus\u00e9e au monde sur l\u2019histoire de la profession d\u2019huissier de justice avait \u00e9t\u00e9 inaugur\u00e9 en mars 2015 dans les locaux de l\u2019Ecole nationale de proc\u00e9dure (ENP) \u00e0 Paris, par Jacques Isnard et Jean-Michel Rouzaud, pr\u00e9sident honoraire de cette \u00e9cole. L&#8217;id\u00e9e de cr\u00e9er un mus\u00e9e sur l&#8217;histoire de la profession d&#8217;huissier de [&hellip;]<\/p>\n","protected":false},"author":2,"featured_media":0,"parent":0,"menu_order":0,"comment_status":"closed","ping_status":"closed","template":"","meta":{"_acf_changed":false,"footnotes":""},"acf":[],"_links":{"self":[{"href":"https:\/\/jacquesisnard.fr\/index.php?rest_route=\/wp\/v2\/pages\/1325"}],"collection":[{"href":"https:\/\/jacquesisnard.fr\/index.php?rest_route=\/wp\/v2\/pages"}],"about":[{"href":"https:\/\/jacquesisnard.fr\/index.php?rest_route=\/wp\/v2\/types\/page"}],"author":[{"embeddable":true,"href":"https:\/\/jacquesisnard.fr\/index.php?rest_route=\/wp\/v2\/users\/2"}],"replies":[{"embeddable":true,"href":"https:\/\/jacquesisnard.fr\/index.php?rest_route=%2Fwp%2Fv2%2Fcomments&post=1325"}],"version-history":[{"count":16,"href":"https:\/\/jacquesisnard.fr\/index.php?rest_route=\/wp\/v2\/pages\/1325\/revisions"}],"predecessor-version":[{"id":2351,"href":"https:\/\/jacquesisnard.fr\/index.php?rest_route=\/wp\/v2\/pages\/1325\/revisions\/2351"}],"wp:attachment":[{"href":"https:\/\/jacquesisnard.fr\/index.php?rest_route=%2Fwp%2Fv2%2Fmedia&parent=1325"}],"curies":[{"name":"wp","href":"https:\/\/api.w.org\/{rel}","templated":true}]}}