{"id":1218,"date":"2024-04-18T19:54:32","date_gmt":"2024-04-18T17:54:32","guid":{"rendered":"http:\/\/jacquesisnard.fr\/?page_id=1218"},"modified":"2024-04-18T19:58:06","modified_gmt":"2024-04-18T17:58:06","slug":"mentions-legales","status":"publish","type":"page","link":"https:\/\/jacquesisnard.fr\/?page_id=1218","title":{"rendered":"Mentions l\u00e9gales"},"content":{"rendered":"\t\t<div data-elementor-type=\"wp-page\" data-elementor-id=\"1218\" class=\"elementor elementor-1218\">\n\t\t\t\t<div class=\"elementor-element elementor-element-51553fb e-flex e-con-boxed e-con e-parent\" data-id=\"51553fb\" data-element_type=\"container\" data-settings=\"{&quot;jet_parallax_layout_list&quot;:[]}\">\n\t\t\t\t\t<div class=\"e-con-inner\">\n\t\t\t\t<div class=\"elementor-element elementor-element-4776ccf elementor-widget elementor-widget-heading\" data-id=\"4776ccf\" data-element_type=\"widget\" data-widget_type=\"heading.default\">\n\t\t\t\t<div class=\"elementor-widget-container\">\n\t\t\t\t\t<h2 class=\"elementor-heading-title elementor-size-default\">Mentions L\u00e9gales<\/h2>\t\t\t\t<\/div>\n\t\t\t\t<\/div>\n\t\t\t\t<div class=\"elementor-element elementor-element-a719a53 elementor-widget elementor-widget-heading\" data-id=\"a719a53\" data-element_type=\"widget\" data-widget_type=\"heading.default\">\n\t\t\t\t<div class=\"elementor-widget-container\">\n\t\t\t\t\t<h4 class=\"elementor-heading-title elementor-size-default\">Article 1 \u2013 DESCRIPTION DU SITE<\/h4>\t\t\t\t<\/div>\n\t\t\t\t<\/div>\n\t\t\t\t<div class=\"elementor-element elementor-element-f7b06d3 elementor-widget elementor-widget-text-editor\" data-id=\"f7b06d3\" data-element_type=\"widget\" data-widget_type=\"text-editor.default\">\n\t\t\t\t<div class=\"elementor-widget-container\">\n\t\t\t\t\t\t\t\t\t<p class=\"p1\">Ce site est accessible \u00e0 l\u2019adresse URL suivante : https:\/\/jacquesisnard.fr\/. Il a pour vocation de fournir \u00e0 l\u2019internaute des informations institutionnelles sur l\u2019Association pour la promotion de l\u2019\u0153uvre de Me Jacques ISNARD.<\/p><p class=\"p1\">Les mentions l\u00e9gales qui suivent s\u2019appliquent \u00e0 tout internaute visitant ce site. Le site et son contenu sont cr\u00e9\u00e9s conform\u00e9ment aux r\u00e8gles applicables en France, m\u00eame s\u2019ils sont accessibles dans d\u2019autres langues, seule la version fran\u00e7aise faisant foi.<\/p><p class=\"p1\">Nous vous remercions d\u2019en prendre connaissance attentivement avant tout acc\u00e8s aux pages contenues dans ce site.<\/p><p><span style=\"font-weight: bolder;\">\u00c9diteurs du site :<\/span><br \/>ID\u00c9AL AGENCE<br \/>13300 Salon de Provence<\/p><p><span style=\"font-weight: bolder;\">Contact :<\/span><br \/>E-mail : duarte.lea.pro@gmail.com<\/p><p><span style=\"font-weight: bolder;\">Repr\u00e9sentant l\u00e9gal, directeur de la publication, responsable de la r\u00e9daction :<\/span><br \/>L\u00e9a Duarte<\/p><p><span style=\"font-weight: bolder;\">H\u00e9bergeur du site :<\/span><br \/>WordPress<br \/>France<\/p>\t\t\t\t\t\t\t\t<\/div>\n\t\t\t\t<\/div>\n\t\t\t\t\t<\/div>\n\t\t\t\t<\/div>\n\t\t<div class=\"elementor-element elementor-element-38ab4a7 e-flex e-con-boxed e-con e-parent\" data-id=\"38ab4a7\" data-element_type=\"container\" data-settings=\"{&quot;jet_parallax_layout_list&quot;:[]}\">\n\t\t\t\t\t<div class=\"e-con-inner\">\n\t\t\t\t<div class=\"elementor-element elementor-element-14bd5dc elementor-widget elementor-widget-heading\" data-id=\"14bd5dc\" data-element_type=\"widget\" data-widget_type=\"heading.default\">\n\t\t\t\t<div class=\"elementor-widget-container\">\n\t\t\t\t\t<h4 class=\"elementor-heading-title elementor-size-default\">Article 2 \u2013 CONTENU DU SITE ET LIMITATION DE RESPONSABILIT\u00c9<\/h4>\t\t\t\t<\/div>\n\t\t\t\t<\/div>\n\t\t\t\t<div class=\"elementor-element elementor-element-dc05cda elementor-widget elementor-widget-text-editor\" data-id=\"dc05cda\" data-element_type=\"widget\" data-widget_type=\"text-editor.default\">\n\t\t\t\t<div class=\"elementor-widget-container\">\n\t\t\t\t\t\t\t\t\t<p class=\"p1\">APOJI s\u2019efforce de mettre r\u00e9guli\u00e8rement \u00e0 jour toutes les donn\u00e9es disponibles sur le site. Ces donn\u00e9es n\u2019ont qu\u2019un caract\u00e8re informatif g\u00e9n\u00e9ral. APOJI ne garantit pas le caract\u00e8re exhaustif et l\u2019exactitude de ces donn\u00e9es mises \u00e0 disposition. En aucun cas, APOJI ne s\u2019engage \u00e0 mettre \u00e0 jour ou \u00e0 corriger les informations qui seront diffus\u00e9es sur Internet ou sur leurs serveurs web. APOJI se r\u00e9serve le droit de modifier ou de corriger le contenu de ses sites \u00e0 tout moment sans pr\u00e9avis.<\/p><p class=\"p1\">Aucune garantie, expresse ou implicite, n\u2019est donn\u00e9e quant \u00e0 la nature marchande des informations fournies, ni quant \u00e0 leur ad\u00e9quation \u00e0 une finalit\u00e9 d\u00e9termin\u00e9e, ainsi qu\u2019en ce qui concerne les produits auxquels il est fait r\u00e9f\u00e9rence.<\/p><p class=\"p1\">Par cons\u00e9quent et \u00e0 l\u2019exception d\u2019une faute lourde ou intentionnelle, APOJI d\u00e9cline toute responsabilit\u00e9 pour tout dommage direct ou indirect pouvant d\u00e9couler de l\u2019acc\u00e8s et l\u2019usage du site et de ces donn\u00e9es et notamment d\u2019une impr\u00e9cision ou inexactitude ou une obsolescence des informations disponibles sur notre site ou pour toute atteinte r\u00e9sultant d\u2019une intrusion frauduleuse d\u2019un tiers sur notre site avec l\u2019intention de nuire aux int\u00e9r\u00eats ou \u00e0 l\u2019image de APOJI, notamment en d\u00e9naturant les informations r\u00e9pertori\u00e9es sur le site.<\/p><p class=\"p1\">Nous vous invitons \u00e0 nous contacter si vous pensez qu\u2019il comporte une erreur.<\/p><p class=\"p1\">La responsabilit\u00e9 de APOJI ne saurait \u00eatre retenue pour tout dommage ou virus qui pourrait endommager ou rendre inutilisable votre \u00e9quipement informatique \u00e0 la suite de la visite de notre site malgr\u00e9 les actions de s\u00e9curisation mises en \u0153uvre.<\/p>\t\t\t\t\t\t\t\t<\/div>\n\t\t\t\t<\/div>\n\t\t\t\t<div class=\"elementor-element elementor-element-0c1d2a2 elementor-widget elementor-widget-heading\" data-id=\"0c1d2a2\" data-element_type=\"widget\" data-widget_type=\"heading.default\">\n\t\t\t\t<div class=\"elementor-widget-container\">\n\t\t\t\t\t<h4 class=\"elementor-heading-title elementor-size-default\">Article 3 \u2013 PROPRIETE INTELLECTUELLE<\/h4>\t\t\t\t<\/div>\n\t\t\t\t<\/div>\n\t\t\t\t<div class=\"elementor-element elementor-element-21c086e elementor-widget elementor-widget-text-editor\" data-id=\"21c086e\" data-element_type=\"widget\" data-widget_type=\"text-editor.default\">\n\t\t\t\t<div class=\"elementor-widget-container\">\n\t\t\t\t\t\t\t\t\t<p class=\"p1\">Toutes les informations ou documents sur dernier (textes, images anim\u00e9es ou non, bases de donn\u00e9es, sons, photos, vid\u00e9os, savoir-faire, produits cit\u00e9s) contenus sur le site ainsi que tous les \u00e9l\u00e9ments cr\u00e9\u00e9s pour le site et sa structure g\u00e9n\u00e9rale, est la propri\u00e9t\u00e9 exclusive de APOJI soit font l\u2019objet de droits d\u2019utilisation, de reproduction et de repr\u00e9sentation consentis au profit de APOJI.<\/p><p class=\"p1\">Aucune licence, ni aucun droit autre que celui de consulter le site, n\u2019est conf\u00e9r\u00e9 \u00e0 quiconque au regard des droits de propri\u00e9t\u00e9 intellectuelle.<\/p><p class=\"p1\">Toute reproduction, totale ou partielle, et toute repr\u00e9sentation du contenu et donn\u00e9es du site, d\u2019un ou de plusieurs de ses composants, par quelque proc\u00e9d\u00e9 que ce soit et sous quelle que forme que ce soit est interdite sans autorisation pr\u00e9alable et \u00e9crite de l\u2019APOJI. Tout reproduction ou repr\u00e9sentation non autoris\u00e9e par APOJI constitue une contrefa\u00e7on sanctionn\u00e9e par les articles L. 335-2 et suivants du Code de la propri\u00e9t\u00e9 intellectuelle. Dans tous les cas, la reproduction autoris\u00e9e des informations contenues dans ce site devra indiquer la source et la mention de propri\u00e9t\u00e9 ad\u00e9quates indiqu\u00e9es par APOJI.<\/p><p class=\"p1\">Les d\u00e9nominations sociales, les logos, les produits, dessins, mod\u00e8les et marques cit\u00e9s et\/ou pr\u00e9sent\u00e9s sur ce site sont la propri\u00e9t\u00e9 de APOJI ou bien font l\u2019objet de droits d\u2019usage, de reproduction ou de repr\u00e9sentation qui ont \u00e9t\u00e9 consentis \u00e0 leur profit.<\/p><p class=\"p1\">Il est donc strictement interdit de les utiliser ou les reproduire \u00e0 quelque titre que ce soit et notamment \u00e0 des fins publicitaires sans l\u2019accord pr\u00e9alable \u00e9crit de APOJI. Tout contrevenant s\u2019expose \u00e0 des poursuites judiciaires.<\/p>\t\t\t\t\t\t\t\t<\/div>\n\t\t\t\t<\/div>\n\t\t\t\t<div class=\"elementor-element elementor-element-847e6ba elementor-widget elementor-widget-heading\" data-id=\"847e6ba\" data-element_type=\"widget\" data-widget_type=\"heading.default\">\n\t\t\t\t<div class=\"elementor-widget-container\">\n\t\t\t\t\t<h4 class=\"elementor-heading-title elementor-size-default\">Article 4 \u2013 LIENS HYPERTEXTES<\/h4>\t\t\t\t<\/div>\n\t\t\t\t<\/div>\n\t\t\t\t<div class=\"elementor-element elementor-element-0c04abf elementor-widget elementor-widget-text-editor\" data-id=\"0c04abf\" data-element_type=\"widget\" data-widget_type=\"text-editor.default\">\n\t\t\t\t<div class=\"elementor-widget-container\">\n\t\t\t\t\t\t\t\t\t<p class=\"p1\">Les pages web du site peuvent contenir des liens hypertextes renvoyant vers d\u2019autres sites Internet g\u00e9r\u00e9s par des soci\u00e9t\u00e9s distinctes de APOJI sur lesquels APOJI n\u2019exercent aucune sorte de contr\u00f4le. APOJI n\u2019assume aucune responsabilit\u00e9 quant au contenu de ces sites tiers, qui restent soumis \u00e0 leurs propres conditions d\u2019utilisation et politiques de protection de la vie priv\u00e9e, ou au contenu vers lequel ces sites tiers peuvent renvoyer.<\/p>\t\t\t\t\t\t\t\t<\/div>\n\t\t\t\t<\/div>\n\t\t\t\t<div class=\"elementor-element elementor-element-ee1a5eb elementor-widget elementor-widget-heading\" data-id=\"ee1a5eb\" data-element_type=\"widget\" data-widget_type=\"heading.default\">\n\t\t\t\t<div class=\"elementor-widget-container\">\n\t\t\t\t\t<h4 class=\"elementor-heading-title elementor-size-default\">Article 5 \u2013 CR\u00c9DITS<\/h4>\t\t\t\t<\/div>\n\t\t\t\t<\/div>\n\t\t\t\t<div class=\"elementor-element elementor-element-184e0ff elementor-widget elementor-widget-text-editor\" data-id=\"184e0ff\" data-element_type=\"widget\" data-widget_type=\"text-editor.default\">\n\t\t\t\t<div class=\"elementor-widget-container\">\n\t\t\t\t\t\t\t\t\t<p class=\"p1\">Conception et d\u00e9veloppement du site internet par ID\u00c9AL AGENCE :<br \/>13300, Salon de Provence<span class=\"Apple-converted-space\">\u00a0<\/span><\/p>\t\t\t\t\t\t\t\t<\/div>\n\t\t\t\t<\/div>\n\t\t\t\t<div class=\"elementor-element elementor-element-aed9e85 elementor-widget elementor-widget-heading\" data-id=\"aed9e85\" data-element_type=\"widget\" data-widget_type=\"heading.default\">\n\t\t\t\t<div class=\"elementor-widget-container\">\n\t\t\t\t\t<h4 class=\"elementor-heading-title elementor-size-default\">Article 6 \u2013 DISPONIBILIT\u00c9 DU SITE<\/h4>\t\t\t\t<\/div>\n\t\t\t\t<\/div>\n\t\t\t\t<div class=\"elementor-element elementor-element-803e00a elementor-widget elementor-widget-text-editor\" data-id=\"803e00a\" data-element_type=\"widget\" data-widget_type=\"text-editor.default\">\n\t\t\t\t<div class=\"elementor-widget-container\">\n\t\t\t\t\t\t\t\t\t<p class=\"p1\">Il est \u00e9tabli que le pr\u00e9sent site (ii) que des d\u00e9fauts peuvent rendre le site temporairement indisponible ; et que (iii) le fonctionnement du site peut \u00eatre affect\u00e9 par des \u00e9v\u00e9nements et\/ou des probl\u00e8mes sur lesquels l\u2019association n\u2019a aucun contr\u00f4le tels que, par exemple, des moyens de transmission et de communication entre vous et APOJI et entre APOJI et d\u2019autres r\u00e9seaux.<\/p><p class=\"p1\">APOJI et\/ou ses fournisseurs se r\u00e9servent le droit \u00e0 tout moment de modifier ou d\u2019interrompre temporairement ou d\u00e9finitivement tout ou partie du site sans que leur responsabilit\u00e9 ne puisse \u00eatre recherch\u00e9e et sans que cela ne puisse donner lieu \u00e0 l\u2019allocation de dommages et int\u00e9r\u00eats de quelle que nature que ce soit.<\/p>\t\t\t\t\t\t\t\t<\/div>\n\t\t\t\t<\/div>\n\t\t\t\t\t<\/div>\n\t\t\t\t<\/div>\n\t\t\t\t<\/div>\n\t\t","protected":false},"excerpt":{"rendered":"<p>Mentions L\u00e9gales Article 1 \u2013 DESCRIPTION DU SITE Ce site est accessible \u00e0 l\u2019adresse URL suivante : https:\/\/jacquesisnard.fr\/. Il a pour vocation de fournir \u00e0 l\u2019internaute des informations institutionnelles sur l\u2019Association pour la promotion de l\u2019\u0153uvre de Me Jacques ISNARD. Les mentions l\u00e9gales qui suivent s\u2019appliquent \u00e0 tout internaute visitant ce site. Le site et [&hellip;]<\/p>\n","protected":false},"author":2,"featured_media":0,"parent":0,"menu_order":0,"comment_status":"closed","ping_status":"closed","template":"","meta":{"_acf_changed":false,"footnotes":""},"acf":[],"_links":{"self":[{"href":"https:\/\/jacquesisnard.fr\/index.php?rest_route=\/wp\/v2\/pages\/1218"}],"collection":[{"href":"https:\/\/jacquesisnard.fr\/index.php?rest_route=\/wp\/v2\/pages"}],"about":[{"href":"https:\/\/jacquesisnard.fr\/index.php?rest_route=\/wp\/v2\/types\/page"}],"author":[{"embeddable":true,"href":"https:\/\/jacquesisnard.fr\/index.php?rest_route=\/wp\/v2\/users\/2"}],"replies":[{"embeddable":true,"href":"https:\/\/jacquesisnard.fr\/index.php?rest_route=%2Fwp%2Fv2%2Fcomments&post=1218"}],"version-history":[{"count":4,"href":"https:\/\/jacquesisnard.fr\/index.php?rest_route=\/wp\/v2\/pages\/1218\/revisions"}],"predecessor-version":[{"id":1222,"href":"https:\/\/jacquesisnard.fr\/index.php?rest_route=\/wp\/v2\/pages\/1218\/revisions\/1222"}],"wp:attachment":[{"href":"https:\/\/jacquesisnard.fr\/index.php?rest_route=%2Fwp%2Fv2%2Fmedia&parent=1218"}],"curies":[{"name":"wp","href":"https:\/\/api.w.org\/{rel}","templated":true}]}}